{"id":544,"date":"2023-09-08T11:42:35","date_gmt":"2023-09-08T11:42:35","guid":{"rendered":"https:\/\/enefte.orsys.cz\/?page_id=544"},"modified":"2023-09-08T11:49:48","modified_gmt":"2023-09-08T11:49:48","slug":"account","status":"publish","type":"page","link":"https:\/\/enefte.gallery\/en\/account\/","title":{"rendered":"account"},"content":{"rendered":"<div data-elementor-type=\"wp-page\" data-elementor-id=\"544\" class=\"elementor elementor-544\" data-elementor-post-type=\"page\">\n\t\t\t\t\t\t\t\t\t<section class=\"elementor-section elementor-top-section elementor-element elementor-element-8cd4524 elementor-section-boxed elementor-section-height-default elementor-section-height-default\" data-id=\"8cd4524\" data-element_type=\"section\">\n\t\t\t\t\t\t<div class=\"elementor-container elementor-column-gap-default\">\n\t\t\t\t\t<div class=\"elementor-column elementor-col-100 elementor-top-column elementor-element elementor-element-118bc29\" data-id=\"118bc29\" data-element_type=\"column\">\n\t\t\t<div class=\"elementor-widget-wrap elementor-element-populated\">\n\t\t\t\t\t\t\t\t<div class=\"elementor-element elementor-element-fbc2632 elementor-widget elementor-widget-heading\" data-id=\"fbc2632\" data-element_type=\"widget\" data-widget_type=\"heading.default\">\n\t\t\t\t<div class=\"elementor-widget-container\">\n\t\t\t<style>\/*! elementor - v3.17.0 - 08-11-2023 *\/\n.elementor-heading-title{padding:0;margin:0;line-height:1}.elementor-widget-heading .elementor-heading-title[class*=elementor-size-]>a{color:inherit;font-size:inherit;line-height:inherit}.elementor-widget-heading .elementor-heading-title.elementor-size-small{font-size:15px}.elementor-widget-heading .elementor-heading-title.elementor-size-medium{font-size:19px}.elementor-widget-heading .elementor-heading-title.elementor-size-large{font-size:29px}.elementor-widget-heading .elementor-heading-title.elementor-size-xl{font-size:39px}.elementor-widget-heading .elementor-heading-title.elementor-size-xxl{font-size:59px}<\/style><h2 class=\"elementor-heading-title elementor-size-default\">V\u00e1\u0161 \u00fa\u010det<\/h2>\t\t<\/div>\n\t\t\t\t<\/div>\n\t\t\t\t<div class=\"elementor-element elementor-element-765c82d e-my-account-tabs-horizontal elementor-widget elementor-widget-woocommerce-my-account\" data-id=\"765c82d\" data-element_type=\"widget\" data-widget_type=\"woocommerce-my-account.default\">\n\t\t\t\t<div class=\"elementor-widget-container\">\n\t\t\t<link rel=\"stylesheet\" href=\"https:\/\/enefte.gallery\/wp-content\/plugins\/elementor-pro\/assets\/css\/widget-woocommerce.min.css\"><div class=\"e-my-account-tab e-my-account-tab__\">\t\t\t<span class=\"elementor-hidden\">[woocommerce_my_account]<\/span>\n\t\t\t<div class=\"woocommerce\"><\/div>\t\t<\/div>\n\t\t\t\t<\/div>\n\t\t\t\t<\/div>\n\t\t\t\t\t<\/div>\n\t\t<\/div>\n\t\t\t\t\t\t\t<\/div>\n\t\t<\/section>\n\t\t\t\t\t\t\t<\/div>","protected":false},"excerpt":{"rendered":"<p>V\u00e1\u0161 \u00fa\u010det \u00davod Objedn\u00e1vky St\u00e1hnout Adresy Detail \u00fa\u010dtu Odhl\u00e1sit se \u00davod Objedn\u00e1vky St\u00e1hnout Adresy Detail \u00fa\u010dtu Odhl\u00e1sit se Dobr\u00fd den, admin (nejste admin? Odhl\u00e1sit se) Na n\u00e1st\u011bnce sv\u00e9ho u\u017eivatelsk\u00e9ho \u00fa\u010dtu si m\u016f\u017eete prohl\u00e9dnout sv\u00e9 ned\u00e1vn\u00e9 objedn\u00e1vky, upravit faktura\u010dn\u00ed a doru\u010dovac\u00ed adresy a zm\u011bnit sv\u00e9 heslo a osobn\u00ed informace.<\/p>","protected":false},"author":1,"featured_media":0,"parent":0,"menu_order":0,"comment_status":"closed","ping_status":"closed","template":"","meta":{"footnotes":""},"_links":{"self":[{"href":"https:\/\/enefte.gallery\/en\/wp-json\/wp\/v2\/pages\/544"}],"collection":[{"href":"https:\/\/enefte.gallery\/en\/wp-json\/wp\/v2\/pages"}],"about":[{"href":"https:\/\/enefte.gallery\/en\/wp-json\/wp\/v2\/types\/page"}],"author":[{"embeddable":true,"href":"https:\/\/enefte.gallery\/en\/wp-json\/wp\/v2\/users\/1"}],"replies":[{"embeddable":true,"href":"https:\/\/enefte.gallery\/en\/wp-json\/wp\/v2\/comments?post=544"}],"version-history":[{"count":10,"href":"https:\/\/enefte.gallery\/en\/wp-json\/wp\/v2\/pages\/544\/revisions"}],"predecessor-version":[{"id":554,"href":"https:\/\/enefte.gallery\/en\/wp-json\/wp\/v2\/pages\/544\/revisions\/554"}],"wp:attachment":[{"href":"https:\/\/enefte.gallery\/en\/wp-json\/wp\/v2\/media?parent=544"}],"curies":[{"name":"wp","href":"https:\/\/api.w.org\/{rel}","templated":true}]}}