{"id":173,"date":"2022-06-03T10:36:44","date_gmt":"2022-06-03T10:36:44","guid":{"rendered":"https:\/\/enefte.orsys.cz\/?page_id=173"},"modified":"2022-06-27T11:17:04","modified_gmt":"2022-06-27T11:17:04","slug":"umelci","status":"publish","type":"page","link":"https:\/\/enefte.gallery\/en\/umelci\/","title":{"rendered":"Um\u011blci"},"content":{"rendered":"<div data-elementor-type=\"wp-page\" data-elementor-id=\"173\" class=\"elementor elementor-173\" data-elementor-post-type=\"page\">\n\t\t\t\t\t\t\t\t\t<section class=\"elementor-section elementor-top-section elementor-element elementor-element-3a21e1e elementor-section-boxed elementor-section-height-default elementor-section-height-default\" data-id=\"3a21e1e\" data-element_type=\"section\">\n\t\t\t\t\t\t<div class=\"elementor-container elementor-column-gap-default\">\n\t\t\t\t\t<div class=\"elementor-column elementor-col-100 elementor-top-column elementor-element elementor-element-4c3d48d\" data-id=\"4c3d48d\" data-element_type=\"column\">\n\t\t\t<div class=\"elementor-widget-wrap elementor-element-populated\">\n\t\t\t\t\t\t\t\t<div class=\"elementor-element elementor-element-d21bff4 elementor-widget elementor-widget-heading\" data-id=\"d21bff4\" data-element_type=\"widget\" data-widget_type=\"heading.default\">\n\t\t\t\t<div class=\"elementor-widget-container\">\n\t\t\t<style>\/*! elementor - v3.17.0 - 08-11-2023 *\/\n.elementor-heading-title{padding:0;margin:0;line-height:1}.elementor-widget-heading .elementor-heading-title[class*=elementor-size-]>a{color:inherit;font-size:inherit;line-height:inherit}.elementor-widget-heading .elementor-heading-title.elementor-size-small{font-size:15px}.elementor-widget-heading .elementor-heading-title.elementor-size-medium{font-size:19px}.elementor-widget-heading .elementor-heading-title.elementor-size-large{font-size:29px}.elementor-widget-heading .elementor-heading-title.elementor-size-xl{font-size:39px}.elementor-widget-heading .elementor-heading-title.elementor-size-xxl{font-size:59px}<\/style><h2 class=\"elementor-heading-title elementor-size-default\">Um\u011blci<\/h2>\t\t<\/div>\n\t\t\t\t<\/div>\n\t\t\t\t<div class=\"elementor-element elementor-element-977d6a1 elementor-widget elementor-widget-spacer\" data-id=\"977d6a1\" data-element_type=\"widget\" data-widget_type=\"spacer.default\">\n\t\t\t\t<div class=\"elementor-widget-container\">\n\t\t\t<style>\/*! elementor - v3.17.0 - 08-11-2023 *\/\n.elementor-column .elementor-spacer-inner{height:var(--spacer-size)}.e-con{--container-widget-width:100%}.e-con-inner>.elementor-widget-spacer,.e-con>.elementor-widget-spacer{width:var(--container-widget-width,var(--spacer-size));--align-self:var(--container-widget-align-self,initial);--flex-shrink:0}.e-con-inner>.elementor-widget-spacer>.elementor-widget-container,.e-con>.elementor-widget-spacer>.elementor-widget-container{height:100%;width:100%}.e-con-inner>.elementor-widget-spacer>.elementor-widget-container>.elementor-spacer,.e-con>.elementor-widget-spacer>.elementor-widget-container>.elementor-spacer{height:100%}.e-con-inner>.elementor-widget-spacer>.elementor-widget-container>.elementor-spacer>.elementor-spacer-inner,.e-con>.elementor-widget-spacer>.elementor-widget-container>.elementor-spacer>.elementor-spacer-inner{height:var(--container-widget-height,var(--spacer-size))}.e-con-inner>.elementor-widget-spacer.elementor-widget-empty,.e-con>.elementor-widget-spacer.elementor-widget-empty{position:relative;min-height:22px;min-width:22px}.e-con-inner>.elementor-widget-spacer.elementor-widget-empty .elementor-widget-empty-icon,.e-con>.elementor-widget-spacer.elementor-widget-empty .elementor-widget-empty-icon{position:absolute;top:0;bottom:0;left:0;right:0;margin:auto;padding:0;width:22px;height:22px}<\/style>\t\t<div class=\"elementor-spacer\">\n\t\t\t<div class=\"elementor-spacer-inner\"><\/div>\n\t\t<\/div>\n\t\t\t\t<\/div>\n\t\t\t\t<\/div>\n\t\t\t\t<div class=\"elementor-element elementor-element-6060164 elementor-grid-3 elementor-grid-tablet-2 elementor-grid-mobile-1 elementor-widget elementor-widget-portfolio\" data-id=\"6060164\" data-element_type=\"widget\" data-settings=\"{&quot;row_gap&quot;:{&quot;unit&quot;:&quot;px&quot;,&quot;size&quot;:18,&quot;sizes&quot;:[]},&quot;columns&quot;:&quot;3&quot;,&quot;columns_tablet&quot;:&quot;2&quot;,&quot;columns_mobile&quot;:&quot;1&quot;,&quot;item_ratio&quot;:{&quot;unit&quot;:&quot;px&quot;,&quot;size&quot;:0.66,&quot;sizes&quot;:[]},&quot;item_gap&quot;:{&quot;unit&quot;:&quot;px&quot;,&quot;size&quot;:&quot;&quot;,&quot;sizes&quot;:[]}}\" data-widget_type=\"portfolio.default\">\n\t\t\t\t<div class=\"elementor-widget-container\">\n\t\t\t<link rel=\"stylesheet\" href=\"https:\/\/enefte.gallery\/wp-content\/plugins\/elementor-pro\/assets\/css\/widget-posts.min.css\">\t\t<ul class=\"elementor-portfolio__filters\">\n\t\t\t<li class=\"elementor-portfolio__filter elementor-active\" data-filter=\"__all\">All<\/li>\n\t\t\t\t\t\t\t<li class=\"elementor-portfolio__filter\" data-filter=\"39\">Alois Marek<\/li>\n\t\t\t\t\t\t\t<li class=\"elementor-portfolio__filter\" data-filter=\"36\">Honza Zapletal<\/li>\n\t\t\t\t\t\t\t<li class=\"elementor-portfolio__filter\" data-filter=\"37\">Jan Nov\u00e1k<\/li>\n\t\t\t\t\t\t\t<li class=\"elementor-portfolio__filter\" data-filter=\"38\">Tom\u00e1\u0161 Vom\u00e1\u010dka<\/li>\n\t\t\t\t\t<\/ul>\n\t\t\t\t<div class=\"elementor-portfolio elementor-grid elementor-posts-container\">\n\t\t\t\t<article class=\"elementor-portfolio-item elementor-post elementor-filter-39 post-510 post type-post status-publish format-standard has-post-thumbnail hentry category-umelec tag-alois-marek\">\n\t\t\t<a class=\"elementor-post__thumbnail__link\" href=\"https:\/\/enefte.gallery\/en\/alois-marek\/\">\n\t\t\t\t<div class=\"elementor-portfolio-item__img elementor-post__thumbnail\">\n\t\t\t<img loading=\"lazy\" decoding=\"async\" width=\"1000\" height=\"1500\" src=\"https:\/\/enefte.gallery\/wp-content\/uploads\/2022\/06\/photo-1566275529824-cca6d008f3da.jpg\" class=\"attachment-2048x2048 size-2048x2048 wp-image-515\" alt=\"\" srcset=\"https:\/\/enefte.gallery\/wp-content\/uploads\/2022\/06\/photo-1566275529824-cca6d008f3da.jpg 1000w, https:\/\/enefte.gallery\/wp-content\/uploads\/2022\/06\/photo-1566275529824-cca6d008f3da-200x300.jpg 200w, https:\/\/enefte.gallery\/wp-content\/uploads\/2022\/06\/photo-1566275529824-cca6d008f3da-683x1024.jpg 683w, https:\/\/enefte.gallery\/wp-content\/uploads\/2022\/06\/photo-1566275529824-cca6d008f3da-768x1152.jpg 768w, https:\/\/enefte.gallery\/wp-content\/uploads\/2022\/06\/photo-1566275529824-cca6d008f3da-600x900.jpg 600w\" sizes=\"(max-width: 1000px) 100vw, 1000px\" \/>\t\t<\/div>\n\t\t\t\t<div class=\"elementor-portfolio-item__overlay\">\n\t\t\t\t<h3 class=\"elementor-portfolio-item__title\">\n\t\tAlois Marek\t\t<\/h3>\n\t\t\t\t<\/div>\n\t\t\t\t<\/a>\n\t\t<\/article>\n\t\t\t\t<article class=\"elementor-portfolio-item elementor-post elementor-filter-36 post-419 post type-post status-publish format-standard has-post-thumbnail hentry category-umelec tag-kategorie-honza-zapletal\">\n\t\t\t<a class=\"elementor-post__thumbnail__link\" href=\"https:\/\/enefte.gallery\/en\/honza-zapletal\/\">\n\t\t\t\t<div class=\"elementor-portfolio-item__img elementor-post__thumbnail\">\n\t\t\t<img loading=\"lazy\" decoding=\"async\" width=\"1400\" height=\"1400\" src=\"https:\/\/enefte.gallery\/wp-content\/uploads\/2022\/06\/unnamed.jpg\" class=\"attachment-2048x2048 size-2048x2048 wp-image-255\" alt=\"\" srcset=\"https:\/\/enefte.gallery\/wp-content\/uploads\/2022\/06\/unnamed.jpg 1400w, https:\/\/enefte.gallery\/wp-content\/uploads\/2022\/06\/unnamed-300x300.jpg 300w, https:\/\/enefte.gallery\/wp-content\/uploads\/2022\/06\/unnamed-1024x1024.jpg 1024w, https:\/\/enefte.gallery\/wp-content\/uploads\/2022\/06\/unnamed-150x150.jpg 150w, https:\/\/enefte.gallery\/wp-content\/uploads\/2022\/06\/unnamed-768x768.jpg 768w, https:\/\/enefte.gallery\/wp-content\/uploads\/2022\/06\/unnamed-1200x1200.jpg 1200w, https:\/\/enefte.gallery\/wp-content\/uploads\/2022\/06\/unnamed-450x450.jpg 450w, https:\/\/enefte.gallery\/wp-content\/uploads\/2022\/06\/unnamed-600x600.jpg 600w, https:\/\/enefte.gallery\/wp-content\/uploads\/2022\/06\/unnamed-100x100.jpg 100w\" sizes=\"(max-width: 1400px) 100vw, 1400px\" \/>\t\t<\/div>\n\t\t\t\t<div class=\"elementor-portfolio-item__overlay\">\n\t\t\t\t<h3 class=\"elementor-portfolio-item__title\">\n\t\tHonza Zapletal\t\t<\/h3>\n\t\t\t\t<\/div>\n\t\t\t\t<\/a>\n\t\t<\/article>\n\t\t\t\t<article class=\"elementor-portfolio-item elementor-post elementor-filter-37 post-381 post type-post status-publish format-standard has-post-thumbnail hentry category-umelec tag-jan-novak\">\n\t\t\t<a class=\"elementor-post__thumbnail__link\" href=\"https:\/\/enefte.gallery\/en\/jan-novak\/\">\n\t\t\t\t<div class=\"elementor-portfolio-item__img elementor-post__thumbnail\">\n\t\t\t<img loading=\"lazy\" decoding=\"async\" width=\"225\" height=\"225\" src=\"https:\/\/enefte.gallery\/wp-content\/uploads\/2022\/06\/images-1.png\" class=\"attachment-2048x2048 size-2048x2048 wp-image-365\" alt=\"\" srcset=\"https:\/\/enefte.gallery\/wp-content\/uploads\/2022\/06\/images-1.png 225w, https:\/\/enefte.gallery\/wp-content\/uploads\/2022\/06\/images-1-150x150.png 150w, https:\/\/enefte.gallery\/wp-content\/uploads\/2022\/06\/images-1-100x100.png 100w\" sizes=\"(max-width: 225px) 100vw, 225px\" \/>\t\t<\/div>\n\t\t\t\t<div class=\"elementor-portfolio-item__overlay\">\n\t\t\t\t<h3 class=\"elementor-portfolio-item__title\">\n\t\tJan Nov\u00e1k\t\t<\/h3>\n\t\t\t\t<\/div>\n\t\t\t\t<\/a>\n\t\t<\/article>\n\t\t\t\t<article class=\"elementor-portfolio-item elementor-post elementor-filter-38 post-349 post type-post status-publish format-standard has-post-thumbnail hentry category-umelec tag-tomas-vomacka\">\n\t\t\t<a class=\"elementor-post__thumbnail__link\" href=\"https:\/\/enefte.gallery\/en\/tomas-vomacka\/\">\n\t\t\t\t<div class=\"elementor-portfolio-item__img elementor-post__thumbnail\">\n\t\t\t<img loading=\"lazy\" decoding=\"async\" width=\"1920\" height=\"1080\" src=\"https:\/\/enefte.gallery\/wp-content\/uploads\/2022\/06\/Five-NFT-Challenges.jpeg\" class=\"attachment-2048x2048 size-2048x2048 wp-image-243\" alt=\"\" srcset=\"https:\/\/enefte.gallery\/wp-content\/uploads\/2022\/06\/Five-NFT-Challenges.jpeg 1920w, https:\/\/enefte.gallery\/wp-content\/uploads\/2022\/06\/Five-NFT-Challenges-300x169.jpeg 300w, https:\/\/enefte.gallery\/wp-content\/uploads\/2022\/06\/Five-NFT-Challenges-1024x576.jpeg 1024w, https:\/\/enefte.gallery\/wp-content\/uploads\/2022\/06\/Five-NFT-Challenges-768x432.jpeg 768w, https:\/\/enefte.gallery\/wp-content\/uploads\/2022\/06\/Five-NFT-Challenges-1536x864.jpeg 1536w, https:\/\/enefte.gallery\/wp-content\/uploads\/2022\/06\/Five-NFT-Challenges-1200x675.jpeg 1200w, https:\/\/enefte.gallery\/wp-content\/uploads\/2022\/06\/Five-NFT-Challenges-600x338.jpeg 600w\" sizes=\"(max-width: 1920px) 100vw, 1920px\" \/>\t\t<\/div>\n\t\t\t\t<div class=\"elementor-portfolio-item__overlay\">\n\t\t\t\t<h3 class=\"elementor-portfolio-item__title\">\n\t\tTom\u00e1\u0161 Vom\u00e1\u010dka\t\t<\/h3>\n\t\t\t\t<\/div>\n\t\t\t\t<\/a>\n\t\t<\/article>\n\t\t\t\t<\/div>\n\t\t\t\t<\/div>\n\t\t\t\t<\/div>\n\t\t\t\t\t<\/div>\n\t\t<\/div>\n\t\t\t\t\t\t\t<\/div>\n\t\t<\/section>\n\t\t\t\t\t\t\t<\/div>","protected":false},"excerpt":{"rendered":"<p>Um\u011blci<\/p>","protected":false},"author":1,"featured_media":0,"parent":0,"menu_order":0,"comment_status":"closed","ping_status":"closed","template":"","meta":{"footnotes":""},"_links":{"self":[{"href":"https:\/\/enefte.gallery\/en\/wp-json\/wp\/v2\/pages\/173"}],"collection":[{"href":"https:\/\/enefte.gallery\/en\/wp-json\/wp\/v2\/pages"}],"about":[{"href":"https:\/\/enefte.gallery\/en\/wp-json\/wp\/v2\/types\/page"}],"author":[{"embeddable":true,"href":"https:\/\/enefte.gallery\/en\/wp-json\/wp\/v2\/users\/1"}],"replies":[{"embeddable":true,"href":"https:\/\/enefte.gallery\/en\/wp-json\/wp\/v2\/comments?post=173"}],"version-history":[{"count":38,"href":"https:\/\/enefte.gallery\/en\/wp-json\/wp\/v2\/pages\/173\/revisions"}],"predecessor-version":[{"id":719,"href":"https:\/\/enefte.gallery\/en\/wp-json\/wp\/v2\/pages\/173\/revisions\/719"}],"wp:attachment":[{"href":"https:\/\/enefte.gallery\/en\/wp-json\/wp\/v2\/media?parent=173"}],"curies":[{"name":"wp","href":"https:\/\/api.w.org\/{rel}","templated":true}]}}